{"id":517,"date":"2014-11-18T22:02:42","date_gmt":"2014-11-18T21:02:42","guid":{"rendered":"https:\/\/questionnaire-esta.com\/autorizzazione-esta-per-lingresso-negli-stati-uniti\/"},"modified":"2025-12-18T12:46:19","modified_gmt":"2025-12-18T11:46:19","slug":"autorizzazione-esta-per-lingresso-negli-stati-uniti","status":"publish","type":"page","link":"https:\/\/questionnaire-esta.com\/it\/","title":{"rendered":"Autorizzazione ESTA per l&#8217;ingresso negli Stati Uniti"},"content":{"rendered":"\n<h1 class=\"wp-block-heading\">Per recarsi negli Stati Uniti \u00e8 necessario compilare il questionario ESTA.<\/h1>\n\n<p><span style=\"font-weight: 400;\">Per un viaggio di successo negli Stati Uniti, \u00e8 importante preparare tutti i documenti amministrativi necessari per entrare legalmente nel Paese. Prima di partire, devi decidere se hai bisogno di un visto per gli Stati Uniti o di un&#8217;autorizzazione di viaggio ESTA. Alcuni paesi beneficiano del <a href=\"https:\/\/questionnaire-esta.com\/programme-dexemption\/\">Visa Waiver Program<\/a> e non richiedono un visto per entrare negli Stati Uniti.  <\/span><\/p>\n\n<p><span style=\"font-weight: 400;\">Se sei un cittadino di un Paese membro del VWP, devi semplicemente richiedere un permesso di soggiorno temporaneo compilando il questionario ESTA. Tuttavia, prima di richiedere il permesso di soggiorno, \u00e8 bene conoscere le informazioni richieste al momento della registrazione del <a href=\"https:\/\/questionnaire-esta.com\/les-questions-posees-sur-le-formulaire-esta-pour-les-usa\/\">modulo di autorizzazione al viaggio<\/a> <\/span> <span style=\"font-weight: 400;\">negli Stati Uniti.<\/span><\/p>\n\n<h2 class=\"wp-block-heading\"><span style=\"font-weight: 400;\">Informazioni sul Programma Viaggio senza Visto<\/span><\/h2>\n\n<p><span style=\"font-weight: 400;\">Grazie al Visa Waiver Programme (VWP) introdotto dall&#8217;amministrazione statunitense, i cittadini di alcuni Paesi non devono pi\u00f9 richiedere un visto per entrare negli Stati Uniti. Tutto ci\u00f2 che devono fare ora \u00e8 richiedere un&#8217;<a href=\"https:\/\/questionnaire-esta.com\/autorisation-voyage-electronique\/\">autorizzazione di viaggio online<\/a>.   <\/span><\/p>\n\n<p><span style=\"font-weight: 400;\">Per sapere se sei idoneo a ricevere l&#8217;autorizzazione ESTA, devi innanzitutto studiare i dettagli delle condizioni che regolano l&#8217;accesso a questo documento. Anche se il tuo Paese beneficia del Programma Viaggio senza Visto, ci\u00f2 non significa che l&#8217;ESTA verr\u00e0 rilasciata automaticamente.   <\/span><\/p>\n\n<p><span style=\"font-weight: 400;\">L&#8217;obiettivo di questo programma non \u00e8 solo quello di rendere pi\u00f9 facile <a href=\"https:\/\/questionnaire-esta.com\/voyager-quelles-conditions\/\">l&#8217;ingresso negli Stati Uniti<\/a>, ma anche quello di prevenire potenziali minacce al paese dello Zio Sam o ai suoi cittadini. L&#8217;ESTA \u00e8 una misura di sicurezza messa in atto per garantire la sicurezza interna del paese e al contempo promuovere il turismo.<\/span><\/p>\n\n<p><span style=\"font-weight: 400;\">Se il tuo soggiorno non soddisfa determinate condizioni, non potrai ottenere l&#8217;autorizzazione a viaggiare negli Stati Uniti. In pratica, le autorit\u00e0 americane rilasceranno un&#8217;ESTA ufficiale solo per viaggi d&#8217;affari o turistici per via aerea o marittima. Inoltre, il soggiorno negli Stati Uniti non deve superare i 90 giorni. Inoltre, per beneficiare del Programma Viaggio senza Visto e richiedere l&#8217;ESTA, devi essere in possesso di un passaporto valido per la durata del tuo soggiorno negli Stati Uniti. Il passaporto deve essere elettronico o biometrico.      <\/span><\/p>\n\n<p><span style=\"font-weight: 400;\">Se almeno una di queste condizioni non \u00e8 soddisfatta, dovrai richiedere un visto all&#8217;ambasciata statunitense.<\/span><\/p>\n\n<h2 class=\"wp-block-heading\"><span style=\"font-weight: 400;\">Registrati per l&#8217;ESTA online<\/span><\/h2>\n\n<p><span style=\"font-weight: 400;\">Il modulo ESTA pu\u00f2 essere richiesto solo su Internet. Puoi richiedere l&#8217;ESTA sul sito ufficiale del governo degli Stati Uniti o su un sito web privato i cui team sono specializzati nelle richieste ESTA. <\/span><\/p>\n\n<p><span style=\"font-weight: 400;\">La richiesta online prevede la compilazione del modulo ESTA utilizzando il passaporto e i dati personali e il <a href=\"https:\/\/questionnaire-esta.com\/autorisation-de-voyage\/\">pagamento della tassa di richiesta<\/a>.<\/span><\/p>\n\n<h2 class=\"wp-block-heading\"><span style=\"font-weight: 400;\">Il contenuto del <\/span><span style=\"font-weight: 400;\">questionario ESTA<\/span><\/h2>\n\n<p><span style=\"font-weight: 400;\">Innanzitutto, puoi compilare il questionario ESTA in francese, quindi non c&#8217;\u00e8 bisogno di tradurre ogni domanda!  <\/span><\/p>\n\n<p><span style=\"font-weight: 400;\">Il <a href=\"https:\/\/usa-esta.net\/it\/modulo-esta\/\">modulo ESTA<\/a> online \u00e8 diviso in tre parti. Nella prima sezione ti verr\u00e0 chiesto di inserire informazioni generali per identificarti (cognome, nome, et\u00e0, sesso, data di nascita, ecc.). La seconda parte del questionario ESTA chiede i dettagli del tuo passaporto (ad esempio il numero del passaporto) e i motivi del tuo soggiorno negli Stati Uniti. Infine, l&#8217;ultima parte \u00e8 costituita da domande chiuse (a cui rispondere con un s\u00ec o un no) relative a potenziali condanne legali e al tuo attuale stato di salute.<\/span><\/p>\n\n<h2 class=\"wp-block-heading\"><span style=\"font-weight: 400;\">Scadenze per l&#8217;autorizzazione ESTA<\/span><\/h2>\n\n<p><span style=\"font-weight: 400;\">Una volta <a href=\"https:\/\/questionnaire-esta.com\/information-de-voyage\/\">completato il questionario ESTA<\/a> e pagato con carta di credito, non ti resta che attendere la risposta alla tua richiesta. La tua domanda sar\u00e0 esaminata dalla US Customs and Border Protection. La decisione finale sar\u00e0 pubblicata online entro 72 ore dalla richiesta.<\/span><\/p>\n\n<p><span style=\"font-weight: 400;\">Ci sono tre possibili risposte al modulo online:  <\/span><\/p>\n\n<ul class=\"wp-block-list\">\n<li><span style=\"font-weight: 400;\">la domanda viene convalidata e quindi sei autorizzato a recarti negli Stati Uniti;<\/span><\/li>\n\n\n\n<li><span style=\"font-weight: 400;\">La richiesta \u00e8 in sospeso, la risposta verr\u00e0 inviata entro 3 giorni;<\/span><\/li>\n\n\n\n<li><span style=\"font-weight: 400;\">la domanda viene respinta.<\/span><\/li>\n<\/ul>\n\n<p><span style=\"font-weight: 400;\">Una volta ottenuta, puoi conservare una copia dell&#8217;autorizzazione al viaggio ESTA, ma sappi che non ti verr\u00e0 richiesta in quanto l&#8217;ESTA \u00e8 collegata elettronicamente al tuo passaporto. Se la tua domanda viene rifiutata, dovrai richiedere un visto per gli Stati Uniti presso i servizi consolari degli Stati Uniti d&#8217;America.   <\/span><\/p>\n\n<p><span style=\"font-weight: 400;\">L&#8217;autorizzazione elettronica a viaggiare negli Stati Uniti \u00e8 valida per due anni dalla data di rilascio. Tuttavia, devi assicurarti che il tuo passaporto sia ancora valido durante questo periodo, altrimenti sarai obbligato a raccomandare un&#8217;ESTA con il tuo nuovo passaporto. <\/span><\/p>\n\n<h2 class=\"wp-block-heading\"><span style=\"font-weight: 400;\">Come posso recuperare il mio documento di viaggio online?<\/span><\/h2>\n\n<p><span style=\"font-weight: 400;\">Per conoscere lo stato della tua ESTA, puoi recuperarla inserendo i tuoi dati personali. Per farlo, basta visitare il sito ufficiale e inserire il tuo nome, il numero di ESTA e il numero di passaporto.   <\/span><\/p>\n\n<h2 class=\"wp-block-heading\"><span style=\"font-weight: 400;\">Autorizzazione ESTA rifiutata: cosa devo fare?<\/span><\/h2>\n\n<p><span style=\"font-weight: 400;\">Anche se soddisfi i prerequisiti sopra elencati, a volte la dogana statunitense rifiuta la tua richiesta di autorizzazione ESTA. Tuttavia, questo non significa necessariamente che non potrai ottenere il documento ESTA. Infatti, perch\u00e9 la tua richiesta venga respinta \u00e8 sufficiente aver sbagliato a scrivere il tuo nome o aver inserito un numero sbagliato nel numero del passaporto quando hai compilato il questionario ESTA. Fortunatamente, se ci\u00f2 accade, potrai richiedere nuovamente l&#8217;ESTA, ma dovrai comunque pagare una nuova tassa.   <\/span><\/p>\n\n<p><span style=\"font-weight: 400;\">In alcuni casi, per\u00f2, i viaggiatori non sono idonei all&#8217;ESTA. In questo caso, c&#8217;\u00e8 solo una soluzione: recarsi in un&#8217;<a href=\"https:\/\/questionnaire-esta.com\/ambassade-etats-unis\/\">ambasciata americana<\/a> per richiedere un visto USA. <\/span><\/p>\n","protected":false},"excerpt":{"rendered":"<p>Per recarsi negli Stati Uniti \u00e8 necessario compilare il questionario ESTA. Per un viaggio di successo negli Stati Uniti, \u00e8 importante preparare tutti i documenti amministrativi necessari per entrare legalmente nel Paese. Prima di partire, devi decidere se hai bisogno di un visto per gli Stati Uniti o di un&#8217;autorizzazione di viaggio ESTA. Alcuni paesi [&hellip;]<\/p>\n","protected":false},"author":1,"featured_media":0,"parent":0,"menu_order":0,"comment_status":"closed","ping_status":"closed","template":"","meta":{"footnotes":""},"class_list":["post-517","page","type-page","status-publish","hentry"],"yoast_head":"<!-- This site is optimized with the Yoast SEO plugin v26.6 - https:\/\/yoast.com\/wordpress\/plugins\/seo\/ -->\n<title>Il questionario ESTA: un prerequisito per viaggiare negli Stati Uniti<\/title>\n<meta name=\"description\" content=\"Se hai intenzione di recarti negli Stati Uniti nel prossimo futuro, \u00e8 fondamentale che tu compili il questionario ESTA online prima di partire. Scopri di pi\u00f9 su questo modulo.\" \/>\n<meta name=\"robots\" content=\"index, follow, max-snippet:-1, max-image-preview:large, max-video-preview:-1\" \/>\n<link rel=\"canonical\" href=\"https:\/\/questionnaire-esta.com\/it\/\" \/>\n<meta property=\"og:locale\" content=\"it_IT\" \/>\n<meta property=\"og:type\" content=\"article\" \/>\n<meta property=\"og:title\" content=\"Il questionario ESTA: un prerequisito per viaggiare negli Stati Uniti\" \/>\n<meta property=\"og:description\" content=\"Se hai intenzione di recarti negli Stati Uniti nel prossimo futuro, \u00e8 fondamentale che tu compili il questionario ESTA online prima di partire. Scopri di pi\u00f9 su questo modulo.\" \/>\n<meta property=\"og:url\" content=\"https:\/\/questionnaire-esta.com\/it\/\" \/>\n<meta property=\"article:modified_time\" content=\"2025-12-18T11:46:19+00:00\" \/>\n<meta name=\"twitter:label1\" content=\"Tempo di lettura stimato\" \/>\n\t<meta name=\"twitter:data1\" content=\"4 minuti\" \/>\n<script type=\"application\/ld+json\" class=\"yoast-schema-graph\">{\"@context\":\"https:\/\/schema.org\",\"@graph\":[{\"@type\":\"WebPage\",\"@id\":\"https:\/\/questionnaire-esta.com\/it\/\",\"url\":\"https:\/\/questionnaire-esta.com\/it\/\",\"name\":\"Il questionario ESTA: un prerequisito per viaggiare negli Stati Uniti\",\"isPartOf\":{\"@id\":\"https:\/\/questionnaire-esta.com\/it\/#website\"},\"datePublished\":\"2014-11-18T21:02:42+00:00\",\"dateModified\":\"2025-12-18T11:46:19+00:00\",\"description\":\"Se hai intenzione di recarti negli Stati Uniti nel prossimo futuro, \u00e8 fondamentale che tu compili il questionario ESTA online prima di partire. Scopri di pi\u00f9 su questo modulo.\",\"breadcrumb\":{\"@id\":\"https:\/\/questionnaire-esta.com\/it\/#breadcrumb\"},\"inLanguage\":\"it-IT\",\"potentialAction\":[{\"@type\":\"ReadAction\",\"target\":[\"https:\/\/questionnaire-esta.com\/it\/\"]}]},{\"@type\":\"BreadcrumbList\",\"@id\":\"https:\/\/questionnaire-esta.com\/it\/#breadcrumb\",\"itemListElement\":[{\"@type\":\"ListItem\",\"position\":1,\"name\":\"Accueil\",\"item\":\"https:\/\/questionnaire-esta.com\/it\/\"},{\"@type\":\"ListItem\",\"position\":2,\"name\":\"Autorizzazione ESTA per l&#8217;ingresso negli Stati Uniti\"}]},{\"@type\":\"WebSite\",\"@id\":\"https:\/\/questionnaire-esta.com\/it\/#website\",\"url\":\"https:\/\/questionnaire-esta.com\/it\/\",\"name\":\"\",\"description\":\"\",\"potentialAction\":[{\"@type\":\"SearchAction\",\"target\":{\"@type\":\"EntryPoint\",\"urlTemplate\":\"https:\/\/questionnaire-esta.com\/it\/?s={search_term_string}\"},\"query-input\":{\"@type\":\"PropertyValueSpecification\",\"valueRequired\":true,\"valueName\":\"search_term_string\"}}],\"inLanguage\":\"it-IT\"}]}<\/script>\n<!-- \/ Yoast SEO plugin. -->","yoast_head_json":{"title":"Il questionario ESTA: un prerequisito per viaggiare negli Stati Uniti","description":"Se hai intenzione di recarti negli Stati Uniti nel prossimo futuro, \u00e8 fondamentale che tu compili il questionario ESTA online prima di partire. Scopri di pi\u00f9 su questo modulo.","robots":{"index":"index","follow":"follow","max-snippet":"max-snippet:-1","max-image-preview":"max-image-preview:large","max-video-preview":"max-video-preview:-1"},"canonical":"https:\/\/questionnaire-esta.com\/it\/","og_locale":"it_IT","og_type":"article","og_title":"Il questionario ESTA: un prerequisito per viaggiare negli Stati Uniti","og_description":"Se hai intenzione di recarti negli Stati Uniti nel prossimo futuro, \u00e8 fondamentale che tu compili il questionario ESTA online prima di partire. Scopri di pi\u00f9 su questo modulo.","og_url":"https:\/\/questionnaire-esta.com\/it\/","article_modified_time":"2025-12-18T11:46:19+00:00","twitter_misc":{"Tempo di lettura stimato":"4 minuti"},"schema":{"@context":"https:\/\/schema.org","@graph":[{"@type":"WebPage","@id":"https:\/\/questionnaire-esta.com\/it\/","url":"https:\/\/questionnaire-esta.com\/it\/","name":"Il questionario ESTA: un prerequisito per viaggiare negli Stati Uniti","isPartOf":{"@id":"https:\/\/questionnaire-esta.com\/it\/#website"},"datePublished":"2014-11-18T21:02:42+00:00","dateModified":"2025-12-18T11:46:19+00:00","description":"Se hai intenzione di recarti negli Stati Uniti nel prossimo futuro, \u00e8 fondamentale che tu compili il questionario ESTA online prima di partire. Scopri di pi\u00f9 su questo modulo.","breadcrumb":{"@id":"https:\/\/questionnaire-esta.com\/it\/#breadcrumb"},"inLanguage":"it-IT","potentialAction":[{"@type":"ReadAction","target":["https:\/\/questionnaire-esta.com\/it\/"]}]},{"@type":"BreadcrumbList","@id":"https:\/\/questionnaire-esta.com\/it\/#breadcrumb","itemListElement":[{"@type":"ListItem","position":1,"name":"Accueil","item":"https:\/\/questionnaire-esta.com\/it\/"},{"@type":"ListItem","position":2,"name":"Autorizzazione ESTA per l&#8217;ingresso negli Stati Uniti"}]},{"@type":"WebSite","@id":"https:\/\/questionnaire-esta.com\/it\/#website","url":"https:\/\/questionnaire-esta.com\/it\/","name":"","description":"","potentialAction":[{"@type":"SearchAction","target":{"@type":"EntryPoint","urlTemplate":"https:\/\/questionnaire-esta.com\/it\/?s={search_term_string}"},"query-input":{"@type":"PropertyValueSpecification","valueRequired":true,"valueName":"search_term_string"}}],"inLanguage":"it-IT"}]}},"_links":{"self":[{"href":"https:\/\/questionnaire-esta.com\/it\/wp-json\/wp\/v2\/pages\/517","targetHints":{"allow":["GET"]}}],"collection":[{"href":"https:\/\/questionnaire-esta.com\/it\/wp-json\/wp\/v2\/pages"}],"about":[{"href":"https:\/\/questionnaire-esta.com\/it\/wp-json\/wp\/v2\/types\/page"}],"author":[{"embeddable":true,"href":"https:\/\/questionnaire-esta.com\/it\/wp-json\/wp\/v2\/users\/1"}],"replies":[{"embeddable":true,"href":"https:\/\/questionnaire-esta.com\/it\/wp-json\/wp\/v2\/comments?post=517"}],"version-history":[{"count":4,"href":"https:\/\/questionnaire-esta.com\/it\/wp-json\/wp\/v2\/pages\/517\/revisions"}],"predecessor-version":[{"id":729,"href":"https:\/\/questionnaire-esta.com\/it\/wp-json\/wp\/v2\/pages\/517\/revisions\/729"}],"wp:attachment":[{"href":"https:\/\/questionnaire-esta.com\/it\/wp-json\/wp\/v2\/media?parent=517"}],"curies":[{"name":"wp","href":"https:\/\/api.w.org\/{rel}","templated":true}]}}