{"id":501,"date":"2014-11-18T22:02:42","date_gmt":"2014-11-18T21:02:42","guid":{"rendered":"https:\/\/questionnaire-esta.com\/autorizacion-esta-para-entrar-en-estados-unidos\/"},"modified":"2025-12-18T12:46:19","modified_gmt":"2025-12-18T11:46:19","slug":"autorizacion-esta-para-entrar-en-estados-unidos","status":"publish","type":"page","link":"https:\/\/questionnaire-esta.com\/es\/","title":{"rendered":"Autorizaci\u00f3n ESTA para entrar en Estados Unidos"},"content":{"rendered":"\n<h1 class=\"wp-block-heading\">Viajar a EE.UU. requiere rellenar el cuestionario ESTA<\/h1>\n\n<p><span style=\"font-weight: 400;\">Para que tu viaje a Estados Unidos sea un \u00e9xito, es importante que prepares todos los documentos administrativos que necesitas para entrar legalmente en el pa\u00eds. Antes de partir, debes decidir si necesitar\u00e1s un visado estadounidense o una autorizaci\u00f3n de viaje ESTA. Algunos pa\u00edses se benefician del <a href=\"https:\/\/questionnaire-esta.com\/programme-dexemption\/\">Programa de Exenci\u00f3n de Visado<\/a> y no exigen visado para entrar en Estados Unidos.  <\/span><\/p>\n\n<p><span style=\"font-weight: 400;\">Si eres nacional de un pa\u00eds miembro del VWP, s\u00f3lo tienes que solicitar un permiso de residencia temporal cumplimentando el cuestionario ESTA. Sin embargo, antes de solicitar un permiso de residencia, es conveniente averiguar la informaci\u00f3n que se solicita al registrarse en el <a href=\"https:\/\/questionnaire-esta.com\/les-questions-posees-sur-le-formulaire-esta-pour-les-usa\/\">formulario de autorizaci\u00f3n de viaje<\/a> <\/span> <span style=\"font-weight: 400;\">en EEUU.<\/span><\/p>\n\n<h2 class=\"wp-block-heading\"><span style=\"font-weight: 400;\">Informaci\u00f3n sobre el Programa de Exenci\u00f3n de Visado<\/span><\/h2>\n\n<p><span style=\"font-weight: 400;\">Gracias al Programa de Exenci\u00f3n de Visado (VWP) introducido por la administraci\u00f3n estadounidense, los ciudadanos de determinados pa\u00edses ya no necesitan solicitar un visado para entrar en Estados Unidos. Lo \u00fanico que tienen que hacer ahora es solicitar una<a href=\"https:\/\/questionnaire-esta.com\/autorisation-voyage-electronique\/\">autorizaci\u00f3n de viaje por Internet<\/a>.   <\/span><\/p>\n\n<p><span style=\"font-weight: 400;\">Para saber si tienes derecho a la autorizaci\u00f3n ESTA, primero tienes que estudiar los detalles de las condiciones que rigen el acceso a este documento. Aunque tu pa\u00eds se beneficie del Programa de Exenci\u00f3n de Visado, esto no significa que el ESTA se conceda autom\u00e1ticamente.   <\/span><\/p>\n\n<p><span style=\"font-weight: 400;\">El objetivo de este programa no es s\u00f3lo facilitar la <a href=\"https:\/\/questionnaire-esta.com\/voyager-quelles-conditions\/\">entrada en Estados Unidos<\/a>, sino tambi\u00e9n prevenir posibles amenazas al pa\u00eds del T\u00edo Sam o a sus ciudadanos. El ESTA es una medida de seguridad puesta en marcha para garantizar la seguridad interior del pa\u00eds al tiempo que se fomenta el turismo.<\/span><\/p>\n\n<p><span style=\"font-weight: 400;\">Si tu estancia no cumple determinadas condiciones, no podr\u00e1s obtener autorizaci\u00f3n para viajar a Estados Unidos. En la pr\u00e1ctica, las autoridades estadounidenses s\u00f3lo expedir\u00e1n un ESTA oficial para viajes de negocios o de turismo por v\u00eda a\u00e9rea o mar\u00edtima. Adem\u00e1s, la estancia en Estados Unidos no debe superar los 90 d\u00edas. Adem\u00e1s, para beneficiarte del Programa de Exenci\u00f3n de Visado y solicitar el ESTA, debes ser titular de un pasaporte v\u00e1lido durante toda tu estancia en Estados Unidos. Tu pasaporte debe ser electr\u00f3nico o biom\u00e9trico.      <\/span><\/p>\n\n<p><span style=\"font-weight: 400;\">Si no se cumple al menos una de estas condiciones, tendr\u00e1s que solicitar un visado a la embajada de EEUU.<\/span><\/p>\n\n<h2 class=\"wp-block-heading\"><span style=\"font-weight: 400;\">Registrarse en el ESTA online<\/span><\/h2>\n\n<p><span style=\"font-weight: 400;\">S\u00f3lo puedes solicitar el formulario ESTA en Internet. Puedes solicitar el ESTA en el sitio web oficial del gobierno estadounidense o en un sitio web privado cuyos equipos est\u00e9n especializados en solicitudes ESTA. <\/span><\/p>\n\n<p><span style=\"font-weight: 400;\">La solicitud por Internet consiste en rellenar el formulario ESTA con tu pasaporte y tus datos personales, y <a href=\"https:\/\/questionnaire-esta.com\/autorisation-de-voyage\/\">pagar la tasa de solicitud<\/a>.<\/span><\/p>\n\n<h2 class=\"wp-block-heading\"><span style=\"font-weight: 400;\">El contenido del <\/span><span style=\"font-weight: 400;\">cuestionario ESTA<\/span><\/h2>\n\n<p><span style=\"font-weight: 400;\">En primer lugar, puedes rellenar el cuestionario ESTA en franc\u00e9s, \u00a1as\u00ed que no hace falta traducir todas las preguntas!  <\/span><\/p>\n\n<p><span style=\"font-weight: 400;\">El <a href=\"https:\/\/usa-esta.net\/es\/formulario-esta-en-espanol\/\">formulario ESTA<\/a> online se divide en tres partes. En la primera secci\u00f3n, se te pedir\u00e1 que introduzcas informaci\u00f3n general para identificarte (apellidos, nombre, edad, sexo, fecha de nacimiento, etc.). La segunda parte del cuestionario ESTA te pide datos sobre tu pasaporte (n\u00famero de pasaporte, por ejemplo) y los motivos de tu estancia en Estados Unidos. Finalmente, la \u00faltima parte se compone de preguntas cerradas (a las que debes responder con un s\u00ed o un no) relativas a posibles condenas judiciales y a tu estado de salud actual.<\/span><\/p>\n\n<h2 class=\"wp-block-heading\"><span style=\"font-weight: 400;\">Plazos para la autorizaci\u00f3n ESTA<\/span><\/h2>\n\n<p><span style=\"font-weight: 400;\">Una vez que hayas <a href=\"https:\/\/questionnaire-esta.com\/information-de-voyage\/\">rellenado el cuestionario ESTA<\/a> y pagado con tarjeta de cr\u00e9dito, s\u00f3lo tienes que esperar la respuesta a tu solicitud. Tu solicitud ser\u00e1 examinada por el Servicio de Aduanas y Protecci\u00f3n de Fronteras de EEUU. La decisi\u00f3n final se publicar\u00e1 en l\u00ednea en las 72 horas siguientes a tu solicitud.<\/span><\/p>\n\n<p><span style=\"font-weight: 400;\">Hay tres respuestas posibles al formulario online:  <\/span><\/p>\n\n<ul class=\"wp-block-list\">\n<li><span style=\"font-weight: 400;\">se valida la solicitud, por lo que est\u00e1s autorizado a viajar a Estados Unidos;<\/span><\/li>\n\n\n\n<li><span style=\"font-weight: 400;\">la solicitud est\u00e1 pendiente, se enviar\u00e1 una respuesta en un plazo de 3 d\u00edas ;<\/span><\/li>\n\n\n\n<li><span style=\"font-weight: 400;\">se rechaza la solicitud.<\/span><\/li>\n<\/ul>\n\n<p><span style=\"font-weight: 400;\">Una vez obtenido, puedes conservar una copia de la autorizaci\u00f3n de viaje ESTA, pero ten en cuenta que no te la pedir\u00e1n, ya que el ESTA est\u00e1 vinculado electr\u00f3nicamente a tu pasaporte. Si tu solicitud es denegada, tendr\u00e1s que solicitar un visado estadounidense a los servicios consulares de los Estados Unidos de Am\u00e9rica.   <\/span><\/p>\n\n<p><span style=\"font-weight: 400;\">La autorizaci\u00f3n electr\u00f3nica para viajar a EE.UU. es v\u00e1lida durante dos a\u00f1os a partir de la fecha de expedici\u00f3n. Sin embargo, debes asegurarte de que tu pasaporte sigue siendo v\u00e1lido durante este periodo, de lo contrario estar\u00e1s obligado a recomendar una ESTA con tu nuevo pasaporte. <\/span><\/p>\n\n<h2 class=\"wp-block-heading\"><span style=\"font-weight: 400;\">\u00bfC\u00f3mo puedo recuperar mi documento de viaje por Internet?<\/span><\/h2>\n\n<p><span style=\"font-weight: 400;\">Para conocer el estado de tu ESTA, puedes recuperarlo introduciendo tus datos personales. Para ello, s\u00f3lo tienes que visitar el sitio web oficial e introducir tu nombre, n\u00famero ESTA y n\u00famero de pasaporte.   <\/span><\/p>\n\n<h2 class=\"wp-block-heading\"><span style=\"font-weight: 400;\">Autorizaci\u00f3n ESTA denegada: \u00bfqu\u00e9 debo hacer?<\/span><\/h2>\n\n<p><span style=\"font-weight: 400;\">Incluso si cumples los requisitos previos enumerados anteriormente, las aduanas estadounidenses a veces rechazan tu solicitud de autorizaci\u00f3n ESTA. Sin embargo, esto no significa necesariamente que no puedas obtener el documento ESTA. De hecho, basta con haber escrito mal tu nombre o haber introducido mal el n\u00famero de tu pasaporte al cumplimentar el cuestionario ESTA para que tu solicitud sea rechazada. Afortunadamente, si esto ocurre, puedes volver a solicitar el ESTA, pero tendr\u00e1s que pagar una nueva tasa.   <\/span><\/p>\n\n<p><span style=\"font-weight: 400;\">Sin embargo, en algunos casos, los viajeros no pueden optar al ESTA. En este caso, s\u00f3lo hay una soluci\u00f3n: acudir a una <a href=\"https:\/\/questionnaire-esta.com\/ambassade-etats-unis\/\">embajada estadounidense<\/a> para solicitar un visado para EEUU. <\/span><\/p>\n","protected":false},"excerpt":{"rendered":"<p>Viajar a EE.UU. requiere rellenar el cuestionario ESTA Para que tu viaje a Estados Unidos sea un \u00e9xito, es importante que prepares todos los documentos administrativos que necesitas para entrar legalmente en el pa\u00eds. Antes de partir, debes decidir si necesitar\u00e1s un visado estadounidense o una autorizaci\u00f3n de viaje ESTA. Algunos pa\u00edses se benefician del [&hellip;]<\/p>\n","protected":false},"author":1,"featured_media":0,"parent":0,"menu_order":0,"comment_status":"closed","ping_status":"closed","template":"","meta":{"footnotes":""},"class_list":["post-501","page","type-page","status-publish","hentry"],"yoast_head":"<!-- This site is optimized with the Yoast SEO plugin v26.6 - https:\/\/yoast.com\/wordpress\/plugins\/seo\/ -->\n<title>El cuestionario ESTA: un requisito previo para viajar a Estados Unidos<\/title>\n<meta name=\"description\" content=\"Si tienes previsto viajar a EE.UU. en un futuro pr\u00f3ximo, es esencial que cumplimentes el cuestionario ESTA en l\u00ednea antes de partir. M\u00e1s informaci\u00f3n sobre este formulario.\" \/>\n<meta name=\"robots\" content=\"index, follow, max-snippet:-1, max-image-preview:large, max-video-preview:-1\" \/>\n<link rel=\"canonical\" href=\"https:\/\/questionnaire-esta.com\/es\/\" \/>\n<meta property=\"og:locale\" content=\"es_ES\" \/>\n<meta property=\"og:type\" content=\"article\" \/>\n<meta property=\"og:title\" content=\"El cuestionario ESTA: un requisito previo para viajar a Estados Unidos\" \/>\n<meta property=\"og:description\" content=\"Si tienes previsto viajar a EE.UU. en un futuro pr\u00f3ximo, es esencial que cumplimentes el cuestionario ESTA en l\u00ednea antes de partir. M\u00e1s informaci\u00f3n sobre este formulario.\" \/>\n<meta property=\"og:url\" content=\"https:\/\/questionnaire-esta.com\/es\/\" \/>\n<meta property=\"article:modified_time\" content=\"2025-12-18T11:46:19+00:00\" \/>\n<meta name=\"twitter:label1\" content=\"Tiempo de lectura\" \/>\n\t<meta name=\"twitter:data1\" content=\"5 minutos\" \/>\n<script type=\"application\/ld+json\" class=\"yoast-schema-graph\">{\"@context\":\"https:\/\/schema.org\",\"@graph\":[{\"@type\":\"WebPage\",\"@id\":\"https:\/\/questionnaire-esta.com\/es\/\",\"url\":\"https:\/\/questionnaire-esta.com\/es\/\",\"name\":\"El cuestionario ESTA: un requisito previo para viajar a Estados Unidos\",\"isPartOf\":{\"@id\":\"https:\/\/questionnaire-esta.com\/es\/#website\"},\"datePublished\":\"2014-11-18T21:02:42+00:00\",\"dateModified\":\"2025-12-18T11:46:19+00:00\",\"description\":\"Si tienes previsto viajar a EE.UU. en un futuro pr\u00f3ximo, es esencial que cumplimentes el cuestionario ESTA en l\u00ednea antes de partir. M\u00e1s informaci\u00f3n sobre este formulario.\",\"breadcrumb\":{\"@id\":\"https:\/\/questionnaire-esta.com\/es\/#breadcrumb\"},\"inLanguage\":\"es\",\"potentialAction\":[{\"@type\":\"ReadAction\",\"target\":[\"https:\/\/questionnaire-esta.com\/es\/\"]}]},{\"@type\":\"BreadcrumbList\",\"@id\":\"https:\/\/questionnaire-esta.com\/es\/#breadcrumb\",\"itemListElement\":[{\"@type\":\"ListItem\",\"position\":1,\"name\":\"Accueil\",\"item\":\"https:\/\/questionnaire-esta.com\/es\/\"},{\"@type\":\"ListItem\",\"position\":2,\"name\":\"Autorizaci\u00f3n ESTA para entrar en Estados Unidos\"}]},{\"@type\":\"WebSite\",\"@id\":\"https:\/\/questionnaire-esta.com\/es\/#website\",\"url\":\"https:\/\/questionnaire-esta.com\/es\/\",\"name\":\"\",\"description\":\"\",\"potentialAction\":[{\"@type\":\"SearchAction\",\"target\":{\"@type\":\"EntryPoint\",\"urlTemplate\":\"https:\/\/questionnaire-esta.com\/es\/?s={search_term_string}\"},\"query-input\":{\"@type\":\"PropertyValueSpecification\",\"valueRequired\":true,\"valueName\":\"search_term_string\"}}],\"inLanguage\":\"es\"}]}<\/script>\n<!-- \/ Yoast SEO plugin. -->","yoast_head_json":{"title":"El cuestionario ESTA: un requisito previo para viajar a Estados Unidos","description":"Si tienes previsto viajar a EE.UU. en un futuro pr\u00f3ximo, es esencial que cumplimentes el cuestionario ESTA en l\u00ednea antes de partir. M\u00e1s informaci\u00f3n sobre este formulario.","robots":{"index":"index","follow":"follow","max-snippet":"max-snippet:-1","max-image-preview":"max-image-preview:large","max-video-preview":"max-video-preview:-1"},"canonical":"https:\/\/questionnaire-esta.com\/es\/","og_locale":"es_ES","og_type":"article","og_title":"El cuestionario ESTA: un requisito previo para viajar a Estados Unidos","og_description":"Si tienes previsto viajar a EE.UU. en un futuro pr\u00f3ximo, es esencial que cumplimentes el cuestionario ESTA en l\u00ednea antes de partir. M\u00e1s informaci\u00f3n sobre este formulario.","og_url":"https:\/\/questionnaire-esta.com\/es\/","article_modified_time":"2025-12-18T11:46:19+00:00","twitter_misc":{"Tiempo de lectura":"5 minutos"},"schema":{"@context":"https:\/\/schema.org","@graph":[{"@type":"WebPage","@id":"https:\/\/questionnaire-esta.com\/es\/","url":"https:\/\/questionnaire-esta.com\/es\/","name":"El cuestionario ESTA: un requisito previo para viajar a Estados Unidos","isPartOf":{"@id":"https:\/\/questionnaire-esta.com\/es\/#website"},"datePublished":"2014-11-18T21:02:42+00:00","dateModified":"2025-12-18T11:46:19+00:00","description":"Si tienes previsto viajar a EE.UU. en un futuro pr\u00f3ximo, es esencial que cumplimentes el cuestionario ESTA en l\u00ednea antes de partir. M\u00e1s informaci\u00f3n sobre este formulario.","breadcrumb":{"@id":"https:\/\/questionnaire-esta.com\/es\/#breadcrumb"},"inLanguage":"es","potentialAction":[{"@type":"ReadAction","target":["https:\/\/questionnaire-esta.com\/es\/"]}]},{"@type":"BreadcrumbList","@id":"https:\/\/questionnaire-esta.com\/es\/#breadcrumb","itemListElement":[{"@type":"ListItem","position":1,"name":"Accueil","item":"https:\/\/questionnaire-esta.com\/es\/"},{"@type":"ListItem","position":2,"name":"Autorizaci\u00f3n ESTA para entrar en Estados Unidos"}]},{"@type":"WebSite","@id":"https:\/\/questionnaire-esta.com\/es\/#website","url":"https:\/\/questionnaire-esta.com\/es\/","name":"","description":"","potentialAction":[{"@type":"SearchAction","target":{"@type":"EntryPoint","urlTemplate":"https:\/\/questionnaire-esta.com\/es\/?s={search_term_string}"},"query-input":{"@type":"PropertyValueSpecification","valueRequired":true,"valueName":"search_term_string"}}],"inLanguage":"es"}]}},"_links":{"self":[{"href":"https:\/\/questionnaire-esta.com\/es\/wp-json\/wp\/v2\/pages\/501","targetHints":{"allow":["GET"]}}],"collection":[{"href":"https:\/\/questionnaire-esta.com\/es\/wp-json\/wp\/v2\/pages"}],"about":[{"href":"https:\/\/questionnaire-esta.com\/es\/wp-json\/wp\/v2\/types\/page"}],"author":[{"embeddable":true,"href":"https:\/\/questionnaire-esta.com\/es\/wp-json\/wp\/v2\/users\/1"}],"replies":[{"embeddable":true,"href":"https:\/\/questionnaire-esta.com\/es\/wp-json\/wp\/v2\/comments?post=501"}],"version-history":[{"count":4,"href":"https:\/\/questionnaire-esta.com\/es\/wp-json\/wp\/v2\/pages\/501\/revisions"}],"predecessor-version":[{"id":728,"href":"https:\/\/questionnaire-esta.com\/es\/wp-json\/wp\/v2\/pages\/501\/revisions\/728"}],"wp:attachment":[{"href":"https:\/\/questionnaire-esta.com\/es\/wp-json\/wp\/v2\/media?parent=501"}],"curies":[{"name":"wp","href":"https:\/\/api.w.org\/{rel}","templated":true}]}}