{"id":530,"date":"2014-11-18T22:02:42","date_gmt":"2014-11-18T21:02:42","guid":{"rendered":"https:\/\/questionnaire-esta.com\/esta-genehmigung-fuer-die-einreise-in-die-usa\/"},"modified":"2025-12-18T12:46:19","modified_gmt":"2025-12-18T11:46:19","slug":"esta-genehmigung-fuer-die-einreise-in-die-usa","status":"publish","type":"page","link":"https:\/\/questionnaire-esta.com\/de\/","title":{"rendered":"ESTA-Genehmigung f\u00fcr die Einreise in die USA"},"content":{"rendered":"\n<h1 class=\"wp-block-heading\">Die Einreise in die USA erfordert das Ausf\u00fcllen des ESTA-Fragebogens.<\/h1>\n\n<p><span style=\"font-weight: 400;\">F\u00fcr eine erfolgreiche Reise in die USA ist es wichtig, dass Sie alle notwendigen Verwaltungsdokumente vorbereiten, um legal in die USA einreisen zu k\u00f6nnen. Vor Ihrer Abreise sollten Sie sich \u00fcberlegen, ob Sie ein US-Visum oder eine ESTA-Reisegenehmigung ben\u00f6tigen. Einige L\u00e4nder haben das <a href=\"https:\/\/questionnaire-esta.com\/de\/programm-zur-befreiung-von-der-visumpflicht-und-verfahren-fuer-reisende\/\">Visa Waiver Program<\/a> und ben\u00f6tigen kein Visum f\u00fcr die Einreise in die USA.  <\/span><\/p>\n\n<p><span style=\"font-weight: 400;\">Wenn Sie Staatsangeh\u00f6riger eines VWP-Mitgliedslandes sind, m\u00fcssen Sie lediglich einen Antrag auf eine befristete Aufenthaltsgenehmigung stellen, indem Sie den ESTA-Fragebogen ausf\u00fcllen. Bevor Sie jedoch mit der Beantragung des Aufenthaltsdokuments beginnen, ist es sinnvoll, die Informationen zu kennen, die bei der Anmeldung zum <a href=\"https:\/\/questionnaire-esta.com\/de\/fragen-zum-esta-formular-fuer-die-usa\/\">Reisegenehmigungsformular<\/a> verlangt werden. <\/span> <span style=\"font-weight: 400;\">in den USA.<\/span><\/p>\n\n<h2 class=\"wp-block-heading\"><span style=\"font-weight: 400;\">Informationen \u00fcber das Visa Waiver Program (Programm zur Befreiung von der Visumspflicht)<\/span><\/h2>\n\n<p><span style=\"font-weight: 400;\">Dank des ENP (Visa Waiver Program), das von der US-Regierung eingef\u00fchrt wurde, m\u00fcssen B\u00fcrger bestimmter L\u00e4nder kein Visum mehr beantragen, um in die USA einreisen zu k\u00f6nnen. Sie k\u00f6nnen jetzt einfach <a href=\"https:\/\/questionnaire-esta.com\/de\/die-elektronische-reisegenehmigung-esta-was-ist-das\/\">online eineReisegenehmigung<\/a> beantragen.  <\/span><\/p>\n\n<p><span style=\"font-weight: 400;\">Um herauszufinden, ob Sie f\u00fcr eine ESTA-Genehmigung in Frage kommen, m\u00fcssen Sie sich zun\u00e4chst mit den Details der ESTA-Bedingungen befassen. Selbst wenn Ihr Land vom Visa Waiver Program profitiert, bedeutet dies nicht, dass Ihnen automatisch eine ESTA-Zulassung erteilt wird.  <\/span><\/p>\n\n<p><span style=\"font-weight: 400;\">Das Programm soll nicht nur die <a href=\"https:\/\/questionnaire-esta.com\/de\/die-esta-bedingungen-fuer-den-erhalt-dieses-dokuments-und-die-reise-in-die-usa\/\">Einreise in die USA<\/a> erleichtern, sondern auch potenzielle Bedrohungen f\u00fcr Uncle Sams Land oder seine B\u00fcrger verhindern. Das ESTA ist eine Sicherheitsma\u00dfnahme, die eingef\u00fchrt wurde, um die innere Sicherheit des Landes zu gew\u00e4hrleisten und gleichzeitig den Tourismus zu f\u00f6rdern.<\/span><\/p>\n\n<p><span style=\"font-weight: 400;\">Wenn Ihr Aufenthalt bestimmte Bedingungen nicht erf\u00fcllt, k\u00f6nnen Sie keine Genehmigung f\u00fcr die Einreise in die USA erhalten. Die US-Beh\u00f6rden stellen das offizielle ESTA nur f\u00fcr Gesch\u00e4fts- oder Urlaubsreisen aus, die auf dem Luft- oder Seeweg erfolgen. Au\u00dferdem darf der Aufenthalt in den USA nicht l\u00e4nger als 90 Tage dauern. Um das Programm f\u00fcr visumfreies Reisen in Anspruch nehmen und ein ESTA beantragen zu k\u00f6nnen, m\u00fcssen Sie einen Reisepass besitzen, der f\u00fcr die gesamte Dauer Ihres Aufenthalts in den USA g\u00fcltig ist. Ihr Reisepass muss ein elektronischer oder biometrischer Reisepass sein.      <\/span><\/p>\n\n<p><span style=\"font-weight: 400;\">Wenn mindestens eine dieser Bedingungen nicht erf\u00fcllt ist, m\u00fcssen Sie bei der US-Botschaft ein Visum beantragen.<\/span><\/p>\n\n<h2 class=\"wp-block-heading\"><span style=\"font-weight: 400;\">ESTA online beantragen<\/span><\/h2>\n\n<p><span style=\"font-weight: 400;\">Die Anmeldung f\u00fcr das ESTA-Formular kann nur \u00fcber das Internet erfolgen. Sie k\u00f6nnen den ESTA-Antrag entweder auf der offiziellen Website der US-Regierung oder auf einer privaten Website stellen, deren Mitarbeiter auf die Beantragung von ESTA spezialisiert sind. <\/span><\/p>\n\n<p><span style=\"font-weight: 400;\">Der Online-Antrag besteht aus dem Ausf\u00fcllen des ESTA-Formulars mit Ihrem Reisepass und Ihren pers\u00f6nlichen Daten und <a href=\"https:\/\/questionnaire-esta.com\/de\/wie-viel-kostet-eine-esta-reisegenehmigung\/\">der Zahlung der Antragsgeb\u00fchr<\/a>.<\/span><\/p>\n\n<h2 class=\"wp-block-heading\"><span style=\"font-weight: 400;\">Inhalt des ESTA-Formulars <\/span><span style=\"font-weight: 400;\">ESTA-Fragebogen<\/span><\/h2>\n\n<p><span style=\"font-weight: 400;\">Zun\u00e4chst einmal ist es m\u00f6glich, den ESTA-Fragebogen auf Franz\u00f6sisch auszuf\u00fcllen, so dass Sie nicht jede Frage \u00fcbersetzen m\u00fcssen.  <\/span><\/p>\n\n<p><span style=\"font-weight: 400;\">Das <a href=\"https:\/\/usa-esta.net\/de\/formular-esta\/\">ESTA-Online-Formular<\/a> ist in drei Teile gegliedert. Im ersten Teil m\u00fcssen Sie allgemeine Informationen zur Identifizierung Ihrer Person eingeben (Name, Vorname, Alter, Geschlecht, Geburtsdatum usw.). Im zweiten Teil des ESTA-Fragebogens werden Ihre Passdaten (z. B. Passnummer) und die Gr\u00fcnde f\u00fcr Ihren Aufenthalt in den USA abgefragt. Der letzte Teil besteht aus geschlossenen Fragen (mit Ja oder Nein zu beantworten), die sich auf m\u00f6gliche rechtliche Verurteilungen und Ihren derzeitigen Gesundheitszustand beziehen.<\/span><\/p>\n\n<h2 class=\"wp-block-heading\"><span style=\"font-weight: 400;\">Die Fristen f\u00fcr den Erhalt der ESTA-Genehmigung<\/span><\/h2>\n\n<p><span style=\"font-weight: 400;\">Sobald Sie den <a href=\"https:\/\/questionnaire-esta.com\/de\/informationen-zum-esta-fragebogen-fuer-eine-reise-in-die-usa\/\">ESTA-Fragebogen ausgef\u00fcllt<\/a> und die Zahlung per Kreditkarte geleistet haben, m\u00fcssen Sie nur noch auf die Antwort auf Ihren Antrag warten. Die Pr\u00fcfung Ihres Antrags wird von der US Customs and Border Protection durchgef\u00fchrt. Die endg\u00fcltige Entscheidung wird innerhalb von 72 Stunden nach Ihrem Antrag online gestellt.<\/span><\/p>\n\n<p><span style=\"font-weight: 400;\">Es gibt drei Arten von Antworten, die Sie nach dem Absenden des Online-Formulars erhalten k\u00f6nnen:  <\/span><\/p>\n\n<ul class=\"wp-block-list\">\n<li><span style=\"font-weight: 400;\">Der Antrag wurde genehmigt, so dass Sie in die USA einreisen k\u00f6nnen;<\/span><\/li>\n\n\n\n<li><span style=\"font-weight: 400;\">Der Antrag ist anh\u00e4ngig und wird innerhalb von 3 Tagen beantwortet;<\/span><\/li>\n\n\n\n<li><span style=\"font-weight: 400;\">wird der Antrag zur\u00fcckgewiesen.<\/span><\/li>\n<\/ul>\n\n<p><span style=\"font-weight: 400;\">Nach Erhalt k\u00f6nnen Sie eine Kopie der ESTA-Reisegenehmigung behalten, aber Sie werden nicht danach gefragt, da das ESTA elektronisch mit Ihrem Reisepass verkn\u00fcpft ist. Wenn Ihr Antrag abgelehnt wird, m\u00fcssen Sie ein US-Visum bei den Konsulaten der Vereinigten Staaten von Amerika beantragen.  <\/span><\/p>\n\n<p><span style=\"font-weight: 400;\">Die elektronische Genehmigung f\u00fcr Reisen in die USA hat eine G\u00fcltigkeitsdauer von zwei Jahren ab dem Ausstellungsdatum. Sie m\u00fcssen jedoch sicherstellen, dass der Reisepass w\u00e4hrend dieses Zeitraums noch g\u00fcltig ist, da Sie sonst verpflichtet sind, ein ESTA mit dem neuen Reisepass zu empfehlen. <\/span><\/p>\n\n<h2 class=\"wp-block-heading\"><span style=\"font-weight: 400;\">Wie kann ich mein Reisedokument online abrufen?<\/span><\/h2>\n\n<p><span style=\"font-weight: 400;\">Um den Status Ihres ESTA zu erfahren, k\u00f6nnen Sie es abrufen, indem Sie Ihre pers\u00f6nlichen Daten eingeben. Dazu m\u00fcssen Sie nur die offizielle Website besuchen und Ihren Namen, Ihre ESTA-Nummer und Ihre Passnummer angeben.  <\/span><\/p>\n\n<h2 class=\"wp-block-heading\"><span style=\"font-weight: 400;\">Verweigerte ESTA-Genehmigung: Was ist zu tun?<\/span><\/h2>\n\n<p><span style=\"font-weight: 400;\">Selbst wenn Sie die oben genannten Voraussetzungen erf\u00fcllen, kann es vorkommen, dass die US-Zollbeh\u00f6rden Ihren Antrag auf ESTA-Genehmigung ablehnen. Dies bedeutet jedoch nicht notwendigerweise, dass Sie nicht \u00fcber das ESTA-Dokument verf\u00fcgen k\u00f6nnen. Es reicht schon aus, wenn Sie beim Ausf\u00fcllen des ESTA-Fragebogens Ihren Namen falsch geschrieben haben oder sich bei der Passnummer um eine Ziffer vertan haben, um Ihren Antrag abzulehnen. In diesem Fall k\u00f6nnen Sie gl\u00fccklicherweise einen neuen ESTA-Antrag stellen, f\u00fcr den Sie jedoch eine neue Geb\u00fchr zahlen m\u00fcssen.   <\/span><\/p>\n\n<p><span style=\"font-weight: 400;\">Es gibt jedoch F\u00e4lle, in denen der Reisende nicht f\u00fcr das ESTA-Programm qualifiziert ist. In diesem Fall bleibt nur die M\u00f6glichkeit, bei einer <a href=\"https:\/\/questionnaire-esta.com\/de\/esta-und-us-botschaft-wie-bekomme-ich-das-formular\/\">US-Botschaft<\/a> ein USA-Visum zu beantragen. <\/span><\/p>\n","protected":false},"excerpt":{"rendered":"<p>Die Einreise in die USA erfordert das Ausf\u00fcllen des ESTA-Fragebogens. F\u00fcr eine erfolgreiche Reise in die USA ist es wichtig, dass Sie alle notwendigen Verwaltungsdokumente vorbereiten, um legal in die USA einreisen zu k\u00f6nnen. Vor Ihrer Abreise sollten Sie sich \u00fcberlegen, ob Sie ein US-Visum oder eine ESTA-Reisegenehmigung ben\u00f6tigen. Einige L\u00e4nder haben das Visa Waiver [&hellip;]<\/p>\n","protected":false},"author":1,"featured_media":0,"parent":0,"menu_order":0,"comment_status":"closed","ping_status":"closed","template":"","meta":{"footnotes":""},"class_list":["post-530","page","type-page","status-publish","hentry"],"yoast_head":"<!-- This site is optimized with the Yoast SEO plugin v26.6 - https:\/\/yoast.com\/wordpress\/plugins\/seo\/ -->\n<title>Der ESTA-Fragebogen: eine Voraussetzung f\u00fcr die Einreise in die USA<\/title>\n<meta name=\"description\" content=\"Wenn Sie in K\u00fcrze in die USA reisen, ist es unerl\u00e4sslich, dass Sie vor Ihrer Abreise den ESTA-Fragebogen online ausf\u00fcllen. Erfahren Sie mehr \u00fcber dieses Formular.\" \/>\n<meta name=\"robots\" content=\"index, follow, max-snippet:-1, max-image-preview:large, max-video-preview:-1\" \/>\n<link rel=\"canonical\" href=\"https:\/\/questionnaire-esta.com\/de\/\" \/>\n<meta property=\"og:locale\" content=\"de_DE\" \/>\n<meta property=\"og:type\" content=\"article\" \/>\n<meta property=\"og:title\" content=\"Der ESTA-Fragebogen: eine Voraussetzung f\u00fcr die Einreise in die USA\" \/>\n<meta property=\"og:description\" content=\"Wenn Sie in K\u00fcrze in die USA reisen, ist es unerl\u00e4sslich, dass Sie vor Ihrer Abreise den ESTA-Fragebogen online ausf\u00fcllen. Erfahren Sie mehr \u00fcber dieses Formular.\" \/>\n<meta property=\"og:url\" content=\"https:\/\/questionnaire-esta.com\/de\/\" \/>\n<meta property=\"article:modified_time\" content=\"2025-12-18T11:46:19+00:00\" \/>\n<meta name=\"twitter:label1\" content=\"Gesch\u00e4tzte Lesezeit\" \/>\n\t<meta name=\"twitter:data1\" content=\"5\u00a0Minuten\" \/>\n<script type=\"application\/ld+json\" class=\"yoast-schema-graph\">{\"@context\":\"https:\/\/schema.org\",\"@graph\":[{\"@type\":\"WebPage\",\"@id\":\"https:\/\/questionnaire-esta.com\/de\/\",\"url\":\"https:\/\/questionnaire-esta.com\/de\/\",\"name\":\"Der ESTA-Fragebogen: eine Voraussetzung f\u00fcr die Einreise in die USA\",\"isPartOf\":{\"@id\":\"https:\/\/questionnaire-esta.com\/de\/#website\"},\"datePublished\":\"2014-11-18T21:02:42+00:00\",\"dateModified\":\"2025-12-18T11:46:19+00:00\",\"description\":\"Wenn Sie in K\u00fcrze in die USA reisen, ist es unerl\u00e4sslich, dass Sie vor Ihrer Abreise den ESTA-Fragebogen online ausf\u00fcllen. Erfahren Sie mehr \u00fcber dieses Formular.\",\"breadcrumb\":{\"@id\":\"https:\/\/questionnaire-esta.com\/de\/#breadcrumb\"},\"inLanguage\":\"de\",\"potentialAction\":[{\"@type\":\"ReadAction\",\"target\":[\"https:\/\/questionnaire-esta.com\/de\/\"]}]},{\"@type\":\"BreadcrumbList\",\"@id\":\"https:\/\/questionnaire-esta.com\/de\/#breadcrumb\",\"itemListElement\":[{\"@type\":\"ListItem\",\"position\":1,\"name\":\"Accueil\",\"item\":\"https:\/\/questionnaire-esta.com\/de\/\"},{\"@type\":\"ListItem\",\"position\":2,\"name\":\"ESTA-Genehmigung f\u00fcr die Einreise in die USA\"}]},{\"@type\":\"WebSite\",\"@id\":\"https:\/\/questionnaire-esta.com\/de\/#website\",\"url\":\"https:\/\/questionnaire-esta.com\/de\/\",\"name\":\"\",\"description\":\"\",\"potentialAction\":[{\"@type\":\"SearchAction\",\"target\":{\"@type\":\"EntryPoint\",\"urlTemplate\":\"https:\/\/questionnaire-esta.com\/de\/?s={search_term_string}\"},\"query-input\":{\"@type\":\"PropertyValueSpecification\",\"valueRequired\":true,\"valueName\":\"search_term_string\"}}],\"inLanguage\":\"de\"}]}<\/script>\n<!-- \/ Yoast SEO plugin. -->","yoast_head_json":{"title":"Der ESTA-Fragebogen: eine Voraussetzung f\u00fcr die Einreise in die USA","description":"Wenn Sie in K\u00fcrze in die USA reisen, ist es unerl\u00e4sslich, dass Sie vor Ihrer Abreise den ESTA-Fragebogen online ausf\u00fcllen. Erfahren Sie mehr \u00fcber dieses Formular.","robots":{"index":"index","follow":"follow","max-snippet":"max-snippet:-1","max-image-preview":"max-image-preview:large","max-video-preview":"max-video-preview:-1"},"canonical":"https:\/\/questionnaire-esta.com\/de\/","og_locale":"de_DE","og_type":"article","og_title":"Der ESTA-Fragebogen: eine Voraussetzung f\u00fcr die Einreise in die USA","og_description":"Wenn Sie in K\u00fcrze in die USA reisen, ist es unerl\u00e4sslich, dass Sie vor Ihrer Abreise den ESTA-Fragebogen online ausf\u00fcllen. Erfahren Sie mehr \u00fcber dieses Formular.","og_url":"https:\/\/questionnaire-esta.com\/de\/","article_modified_time":"2025-12-18T11:46:19+00:00","twitter_misc":{"Gesch\u00e4tzte Lesezeit":"5\u00a0Minuten"},"schema":{"@context":"https:\/\/schema.org","@graph":[{"@type":"WebPage","@id":"https:\/\/questionnaire-esta.com\/de\/","url":"https:\/\/questionnaire-esta.com\/de\/","name":"Der ESTA-Fragebogen: eine Voraussetzung f\u00fcr die Einreise in die USA","isPartOf":{"@id":"https:\/\/questionnaire-esta.com\/de\/#website"},"datePublished":"2014-11-18T21:02:42+00:00","dateModified":"2025-12-18T11:46:19+00:00","description":"Wenn Sie in K\u00fcrze in die USA reisen, ist es unerl\u00e4sslich, dass Sie vor Ihrer Abreise den ESTA-Fragebogen online ausf\u00fcllen. Erfahren Sie mehr \u00fcber dieses Formular.","breadcrumb":{"@id":"https:\/\/questionnaire-esta.com\/de\/#breadcrumb"},"inLanguage":"de","potentialAction":[{"@type":"ReadAction","target":["https:\/\/questionnaire-esta.com\/de\/"]}]},{"@type":"BreadcrumbList","@id":"https:\/\/questionnaire-esta.com\/de\/#breadcrumb","itemListElement":[{"@type":"ListItem","position":1,"name":"Accueil","item":"https:\/\/questionnaire-esta.com\/de\/"},{"@type":"ListItem","position":2,"name":"ESTA-Genehmigung f\u00fcr die Einreise in die USA"}]},{"@type":"WebSite","@id":"https:\/\/questionnaire-esta.com\/de\/#website","url":"https:\/\/questionnaire-esta.com\/de\/","name":"","description":"","potentialAction":[{"@type":"SearchAction","target":{"@type":"EntryPoint","urlTemplate":"https:\/\/questionnaire-esta.com\/de\/?s={search_term_string}"},"query-input":{"@type":"PropertyValueSpecification","valueRequired":true,"valueName":"search_term_string"}}],"inLanguage":"de"}]}},"_links":{"self":[{"href":"https:\/\/questionnaire-esta.com\/de\/wp-json\/wp\/v2\/pages\/530","targetHints":{"allow":["GET"]}}],"collection":[{"href":"https:\/\/questionnaire-esta.com\/de\/wp-json\/wp\/v2\/pages"}],"about":[{"href":"https:\/\/questionnaire-esta.com\/de\/wp-json\/wp\/v2\/types\/page"}],"author":[{"embeddable":true,"href":"https:\/\/questionnaire-esta.com\/de\/wp-json\/wp\/v2\/users\/1"}],"replies":[{"embeddable":true,"href":"https:\/\/questionnaire-esta.com\/de\/wp-json\/wp\/v2\/comments?post=530"}],"version-history":[{"count":10,"href":"https:\/\/questionnaire-esta.com\/de\/wp-json\/wp\/v2\/pages\/530\/revisions"}],"predecessor-version":[{"id":730,"href":"https:\/\/questionnaire-esta.com\/de\/wp-json\/wp\/v2\/pages\/530\/revisions\/730"}],"wp:attachment":[{"href":"https:\/\/questionnaire-esta.com\/de\/wp-json\/wp\/v2\/media?parent=530"}],"curies":[{"name":"wp","href":"https:\/\/api.w.org\/{rel}","templated":true}]}}